{"id":3138,"date":"2024-12-16T16:35:47","date_gmt":"2024-12-16T15:35:47","guid":{"rendered":"http:\/\/pierre-marie-gely.fr\/?page_id=3138"},"modified":"2024-12-16T16:53:38","modified_gmt":"2024-12-16T15:53:38","slug":"4nc-depliants-decrescenzo","status":"publish","type":"page","link":"https:\/\/pierre-marie-gely.fr\/index.php\/4nc-depliants-decrescenzo\/","title":{"rendered":"4NC-D\u00e9pliants Decrescenzo"},"content":{"rendered":"\t\t<div data-elementor-type=\"wp-post\" data-elementor-id=\"3138\" class=\"elementor elementor-3138\" data-elementor-settings=\"[]\">\n\t\t\t\t\t\t<div class=\"elementor-inner\">\n\t\t\t\t\t\t\t<div class=\"elementor-section-wrap\">\n\t\t\t\t\t\t\t<section class=\"elementor-section elementor-top-section elementor-element elementor-element-5be5abf8 elementor-section-boxed elementor-section-height-default elementor-section-height-default\" data-id=\"5be5abf8\" data-element_type=\"section\" data-settings=\"{&quot;background_background&quot;:&quot;classic&quot;}\">\n\t\t\t\t\t\t<div class=\"elementor-container elementor-column-gap-default\">\n\t\t\t\t\t\t\t<div class=\"elementor-row\">\n\t\t\t\t\t<div class=\"elementor-column elementor-col-50 elementor-top-column elementor-element elementor-element-924248c\" data-id=\"924248c\" data-element_type=\"column\">\n\t\t\t<div class=\"elementor-column-wrap elementor-element-populated\">\n\t\t\t\t\t\t\t<div class=\"elementor-widget-wrap\">\n\t\t\t\t\t\t<div class=\"elementor-element elementor-element-4eae753 elementor-widget elementor-widget-heading\" data-id=\"4eae753\" data-element_type=\"widget\" data-widget_type=\"heading.default\">\n\t\t\t\t<div class=\"elementor-widget-container\">\n\t\t\t<h2 class=\"elementor-heading-title elementor-size-default\"><a href=\"http:\/\/pierre-marie-gely.fr\/\">Pierre-Marie G\u00c9LY<\/a><\/h2>\t\t<\/div>\n\t\t\t\t<\/div>\n\t\t\t\t\t\t<\/div>\n\t\t\t\t\t<\/div>\n\t\t<\/div>\n\t\t\t\t<div class=\"elementor-column elementor-col-50 elementor-top-column elementor-element elementor-element-5e160b4b\" data-id=\"5e160b4b\" data-element_type=\"column\">\n\t\t\t<div class=\"elementor-column-wrap elementor-element-populated\">\n\t\t\t\t\t\t\t<div class=\"elementor-widget-wrap\">\n\t\t\t\t\t\t<div class=\"elementor-element elementor-element-4d89067e elementor-align-right elementor-widget elementor-widget-default-navmenu\" data-id=\"4d89067e\" data-element_type=\"widget\" data-widget_type=\"default-navmenu.default\">\n\t\t\t\t<div class=\"elementor-widget-container\">\n\t\t\t<div id=\"elementor-header-primary\" class=\"elementor-header\">\t\t\t<button id=\"elementor-menu-toggle\" class=\"elementor-menu-toggle\"><i class=\"fa fa-navicon\"><\/i><\/button>\n\t\t\t<div id=\"elementor-menu\" class=\"elementor-menu\">\n\t\t\t\n\t\t\t\t<nav itemtype=\"http:\/\/schema.org\/SiteNavigationElement\" itemscope=\"itemscope\" id=\"elementor-navigation\" class=\"elementor-navigation\" role=\"navigation\" aria-label=\"Elementor Menu\">\t\t\t\t\n\t\t\t\t<ul id=\"elementor-navmenu\" class=\"elementor-nav-menu\"><li id=\"menu-item-50\" class=\"menu-item menu-item-type-post_type menu-item-object-page menu-item-home menu-item-50\"><a href=\"https:\/\/pierre-marie-gely.fr\/\">Accueil<\/a><\/li>\n<li id=\"menu-item-45\" class=\"menu-item menu-item-type-post_type menu-item-object-page menu-item-45\"><a href=\"https:\/\/pierre-marie-gely.fr\/index.php\/edition-2\/\">Edition<\/a><\/li>\n<li id=\"menu-item-48\" class=\"menu-item menu-item-type-post_type menu-item-object-page menu-item-48\"><a href=\"https:\/\/pierre-marie-gely.fr\/index.php\/presse\/\">Presse<\/a><\/li>\n<li id=\"menu-item-47\" class=\"menu-item menu-item-type-post_type menu-item-object-page menu-item-47\"><a href=\"https:\/\/pierre-marie-gely.fr\/index.php\/communication\/\">Communication<\/a><\/li>\n<li id=\"menu-item-46\" class=\"menu-item menu-item-type-post_type menu-item-object-page menu-item-46\"><a href=\"https:\/\/pierre-marie-gely.fr\/index.php\/a-propos\/\">R\u00e9f\u00e9rences<\/a><\/li>\n<li id=\"menu-item-49\" class=\"menu-item menu-item-type-post_type menu-item-object-page menu-item-49\"><a href=\"https:\/\/pierre-marie-gely.fr\/index.php\/edition\/\">Contact<\/a><\/li>\n<\/ul>\t\t\n\t\t\t\t\t\t\t\t<\/nav>\n\t\t\t<\/div>\n\t\t<\/div>\n\t\t\t\t<\/div>\n\t\t\t\t<\/div>\n\t\t\t\t\t\t<\/div>\n\t\t\t\t\t<\/div>\n\t\t<\/div>\n\t\t\t\t\t\t\t\t<\/div>\n\t\t\t\t\t<\/div>\n\t\t<\/section>\n\t\t\t\t<section class=\"elementor-section elementor-top-section elementor-element elementor-element-1bcf7347 elementor-section-boxed elementor-section-height-default elementor-section-height-default\" data-id=\"1bcf7347\" data-element_type=\"section\">\n\t\t\t\t\t\t<div class=\"elementor-container elementor-column-gap-default\">\n\t\t\t\t\t\t\t<div class=\"elementor-row\">\n\t\t\t\t\t<div class=\"elementor-column elementor-col-50 elementor-top-column elementor-element elementor-element-75845a3e\" data-id=\"75845a3e\" data-element_type=\"column\">\n\t\t\t<div class=\"elementor-column-wrap elementor-element-populated\">\n\t\t\t\t\t\t\t<div class=\"elementor-widget-wrap\">\n\t\t\t\t\t\t<div class=\"elementor-element elementor-element-950f9fd elementor-widget elementor-widget-text-editor\" data-id=\"950f9fd\" data-element_type=\"widget\" data-widget_type=\"text-editor.default\">\n\t\t\t\t<div class=\"elementor-widget-container\">\n\t\t\t\t\t\t\t\t<div class=\"elementor-text-editor elementor-clearfix\">\n\t\t\t\t<p>D\u00e9pliants 2 volets<\/p>\t\t\t\t\t<\/div>\n\t\t\t\t\t\t<\/div>\n\t\t\t\t<\/div>\n\t\t\t\t<div class=\"elementor-element elementor-element-a09be1e elementor-widget elementor-widget-text-editor\" data-id=\"a09be1e\" data-element_type=\"widget\" data-widget_type=\"text-editor.default\">\n\t\t\t\t<div class=\"elementor-widget-container\">\n\t\t\t\t\t\t\t\t<div class=\"elementor-text-editor elementor-clearfix\">\n\t\t\t\t<p>Pour les \u00e9ditions Decrescenzo<\/p>\t\t\t\t\t<\/div>\n\t\t\t\t\t\t<\/div>\n\t\t\t\t<\/div>\n\t\t\t\t\t\t<\/div>\n\t\t\t\t\t<\/div>\n\t\t<\/div>\n\t\t\t\t<div class=\"elementor-column elementor-col-50 elementor-top-column elementor-element elementor-element-bdb351a\" data-id=\"bdb351a\" data-element_type=\"column\">\n\t\t\t<div class=\"elementor-column-wrap\">\n\t\t\t\t\t\t\t<div class=\"elementor-widget-wrap\">\n\t\t\t\t\t\t\t\t<\/div>\n\t\t\t\t\t<\/div>\n\t\t<\/div>\n\t\t\t\t\t\t\t\t<\/div>\n\t\t\t\t\t<\/div>\n\t\t<\/section>\n\t\t\t\t<section class=\"elementor-section elementor-top-section elementor-element elementor-element-6a32d2d elementor-section-height-min-height elementor-section-boxed elementor-section-height-default elementor-section-items-middle\" data-id=\"6a32d2d\" data-element_type=\"section\" data-settings=\"{&quot;background_background&quot;:&quot;classic&quot;}\">\n\t\t\t\t\t\t<div class=\"elementor-container elementor-column-gap-narrow\">\n\t\t\t\t\t\t\t<div class=\"elementor-row\">\n\t\t\t\t\t<div class=\"elementor-column elementor-col-100 elementor-top-column elementor-element elementor-element-7323e30 animated-fast elementor-invisible\" data-id=\"7323e30\" data-element_type=\"column\" data-settings=\"{&quot;background_background&quot;:&quot;classic&quot;,&quot;animation&quot;:&quot;fadeInLeft&quot;}\">\n\t\t\t<div class=\"elementor-column-wrap elementor-element-populated\">\n\t\t\t\t\t\t\t<div class=\"elementor-widget-wrap\">\n\t\t\t\t\t\t<div class=\"elementor-element elementor-element-7094df0 elementor-widget elementor-widget-image\" data-id=\"7094df0\" data-element_type=\"widget\" data-widget_type=\"image.default\">\n\t\t\t\t<div class=\"elementor-widget-container\">\n\t\t\t\t\t\t\t\t<div class=\"elementor-image\">\n\t\t\t\t\t\t\t\t\t\t\t\t\t<a href=\"http:\/\/pierre-marie-gely.fr\/wp-content\/uploads\/2024\/12\/Montage-Flyers-Decrescenzo.jpg\" data-elementor-open-lightbox=\"yes\" data-elementor-lightbox-title=\"Montage-Flyers-Decrescenzo\">\n\t\t\t\t\t\t\t<img width=\"525\" height=\"368\" src=\"https:\/\/pierre-marie-gely.fr\/wp-content\/uploads\/2024\/12\/Montage-Flyers-Decrescenzo-768x538.jpg\" class=\"attachment-medium_large size-medium_large\" alt=\"\" loading=\"lazy\" srcset=\"https:\/\/pierre-marie-gely.fr\/wp-content\/uploads\/2024\/12\/Montage-Flyers-Decrescenzo-768x538.jpg 768w, https:\/\/pierre-marie-gely.fr\/wp-content\/uploads\/2024\/12\/Montage-Flyers-Decrescenzo-300x210.jpg 300w, https:\/\/pierre-marie-gely.fr\/wp-content\/uploads\/2024\/12\/Montage-Flyers-Decrescenzo-1024x718.jpg 1024w, https:\/\/pierre-marie-gely.fr\/wp-content\/uploads\/2024\/12\/Montage-Flyers-Decrescenzo.jpg 1417w\" sizes=\"100vw\" \/>\t\t\t\t\t\t\t\t<\/a>\n\t\t\t\t\t\t\t\t\t\t\t\t\t\t<\/div>\n\t\t\t\t\t\t<\/div>\n\t\t\t\t<\/div>\n\t\t\t\t\t\t<\/div>\n\t\t\t\t\t<\/div>\n\t\t<\/div>\n\t\t\t\t\t\t\t\t<\/div>\n\t\t\t\t\t<\/div>\n\t\t<\/section>\n\t\t\t\t<section class=\"elementor-section elementor-top-section elementor-element elementor-element-6e5debe elementor-section-content-middle elementor-section-boxed elementor-section-height-default elementor-section-height-default\" data-id=\"6e5debe\" data-element_type=\"section\" data-settings=\"{&quot;background_background&quot;:&quot;classic&quot;}\">\n\t\t\t\t\t\t<div class=\"elementor-container elementor-column-gap-default\">\n\t\t\t\t\t\t\t<div class=\"elementor-row\">\n\t\t\t\t\t<div class=\"elementor-column elementor-col-33 elementor-top-column elementor-element elementor-element-b71fc77\" data-id=\"b71fc77\" data-element_type=\"column\">\n\t\t\t<div class=\"elementor-column-wrap elementor-element-populated\">\n\t\t\t\t\t\t\t<div class=\"elementor-widget-wrap\">\n\t\t\t\t\t\t<div class=\"elementor-element elementor-element-8335f8b elementor-widget elementor-widget-text-editor\" data-id=\"8335f8b\" data-element_type=\"widget\" data-widget_type=\"text-editor.default\">\n\t\t\t\t<div class=\"elementor-widget-container\">\n\t\t\t\t\t\t\t\t<div class=\"elementor-text-editor elementor-clearfix\">\n\t\t\t\t<p>Pr\u00e9sentation des nouveaux ouvrages \u00e0 sortir <br \/>pour les \u00e9ditions Descrecenzo<\/p>\t\t\t\t\t<\/div>\n\t\t\t\t\t\t<\/div>\n\t\t\t\t<\/div>\n\t\t\t\t<div class=\"elementor-element elementor-element-5f5df0d elementor-widget elementor-widget-text-editor\" data-id=\"5f5df0d\" data-element_type=\"widget\" data-widget_type=\"text-editor.default\">\n\t\t\t\t<div class=\"elementor-widget-container\">\n\t\t\t\t\t\t\t\t<div class=\"elementor-text-editor elementor-clearfix\">\n\t\t\t\t<p>Cr\u00e9ation maquette\u00a0<br \/>Cliquez sur les visuels pour zoomer\u2026<\/p>\t\t\t\t\t<\/div>\n\t\t\t\t\t\t<\/div>\n\t\t\t\t<\/div>\n\t\t\t\t\t\t<\/div>\n\t\t\t\t\t<\/div>\n\t\t<\/div>\n\t\t\t\t<div class=\"elementor-column elementor-col-33 elementor-top-column elementor-element elementor-element-0a5365a\" data-id=\"0a5365a\" data-element_type=\"column\">\n\t\t\t<div class=\"elementor-column-wrap elementor-element-populated\">\n\t\t\t\t\t\t\t<div class=\"elementor-widget-wrap\">\n\t\t\t\t\t\t<div class=\"elementor-element elementor-element-7c54ba5 elementor-align-right elementor-widget elementor-widget-button\" data-id=\"7c54ba5\" data-element_type=\"widget\" data-widget_type=\"button.default\">\n\t\t\t\t<div class=\"elementor-widget-container\">\n\t\t\t\t\t<div class=\"elementor-button-wrapper\">\n\t\t\t<a href=\"http:\/\/pierre-marie-gely.fr\/index.php\/1c-supports-merinos\/\" class=\"elementor-button-link elementor-button elementor-size-sm\" role=\"button\">\n\t\t\t\t\t\t<span class=\"elementor-button-content-wrapper\">\n\t\t\t\t\t\t<span class=\"elementor-button-icon elementor-align-icon-left\">\n\t\t\t\t\t\t\t\t\t<i class=\"fa fa-arrow-circle-right\" aria-hidden=\"true\"><\/i>\n\t\t\t\t\t\t\t<\/span>\n\t\t\t\t\t\t<span class=\"elementor-button-text\">Article suivant<\/span>\n\t\t<\/span>\n\t\t\t\t\t<\/a>\n\t\t<\/div>\n\t\t\t\t<\/div>\n\t\t\t\t<\/div>\n\t\t\t\t\t\t<\/div>\n\t\t\t\t\t<\/div>\n\t\t<\/div>\n\t\t\t\t<div class=\"elementor-column elementor-col-33 elementor-top-column elementor-element elementor-element-c6ae4d6\" data-id=\"c6ae4d6\" data-element_type=\"column\">\n\t\t\t<div class=\"elementor-column-wrap elementor-element-populated\">\n\t\t\t\t\t\t\t<div class=\"elementor-widget-wrap\">\n\t\t\t\t\t\t<div class=\"elementor-element elementor-element-a715903 elementor-align-right elementor-widget elementor-widget-button\" data-id=\"a715903\" data-element_type=\"widget\" data-widget_type=\"button.default\">\n\t\t\t\t<div class=\"elementor-widget-container\">\n\t\t\t\t\t<div class=\"elementor-button-wrapper\">\n\t\t\t<a href=\"http:\/\/pierre-marie-gely.fr\/index.php\/communication\" class=\"elementor-button-link elementor-button elementor-size-sm\" role=\"button\">\n\t\t\t\t\t\t<span class=\"elementor-button-content-wrapper\">\n\t\t\t\t\t\t<span class=\"elementor-button-icon elementor-align-icon-left\">\n\t\t\t\t\t\t\t\t\t<i class=\"fa fa-arrow-circle-right\" aria-hidden=\"true\"><\/i>\n\t\t\t\t\t\t\t<\/span>\n\t\t\t\t\t\t<span class=\"elementor-button-text\">communication<\/span>\n\t\t<\/span>\n\t\t\t\t\t<\/a>\n\t\t<\/div>\n\t\t\t\t<\/div>\n\t\t\t\t<\/div>\n\t\t\t\t\t\t<\/div>\n\t\t\t\t\t<\/div>\n\t\t<\/div>\n\t\t\t\t\t\t\t\t<\/div>\n\t\t\t\t\t<\/div>\n\t\t<\/section>\n\t\t\t\t<section class=\"elementor-section elementor-top-section elementor-element elementor-element-cd0f206 elementor-section-boxed elementor-section-height-default elementor-section-height-default\" data-id=\"cd0f206\" data-element_type=\"section\">\n\t\t\t\t\t\t<div class=\"elementor-container elementor-column-gap-default\">\n\t\t\t\t\t\t\t<div class=\"elementor-row\">\n\t\t\t\t\t<div class=\"elementor-column elementor-col-100 elementor-top-column elementor-element elementor-element-048f487\" data-id=\"048f487\" data-element_type=\"column\">\n\t\t\t<div class=\"elementor-column-wrap elementor-element-populated\">\n\t\t\t\t\t\t\t<div class=\"elementor-widget-wrap\">\n\t\t\t\t\t\t<div class=\"elementor-element elementor-element-f7030a7 elementor-widget elementor-widget-spacer\" data-id=\"f7030a7\" data-element_type=\"widget\" data-widget_type=\"spacer.default\">\n\t\t\t\t<div class=\"elementor-widget-container\">\n\t\t\t\t\t<div class=\"elementor-spacer\">\n\t\t\t<div class=\"elementor-spacer-inner\"><\/div>\n\t\t<\/div>\n\t\t\t\t<\/div>\n\t\t\t\t<\/div>\n\t\t\t\t\t\t<\/div>\n\t\t\t\t\t<\/div>\n\t\t<\/div>\n\t\t\t\t\t\t\t\t<\/div>\n\t\t\t\t\t<\/div>\n\t\t<\/section>\n\t\t\t\t\t\t<\/div>\n\t\t\t\t\t\t<\/div>\n\t\t\t\t\t<\/div>\n\t\t","protected":false},"excerpt":{"rendered":"<p>Pierre-Marie G\u00c9LY Accueil Edition Presse Communication R\u00e9f\u00e9rences Contact D\u00e9pliants 2 volets Pour les \u00e9ditions Decrescenzo Pr\u00e9sentation des nouveaux ouvrages \u00e0 sortir pour les \u00e9ditions Descrecenzo Cr\u00e9ation maquette\u00a0Cliquez sur les visuels pour zoomer\u2026 Article suivant communication<\/p>\n","protected":false},"author":1,"featured_media":0,"parent":0,"menu_order":0,"comment_status":"closed","ping_status":"closed","template":"elementor_canvas","meta":[],"_links":{"self":[{"href":"https:\/\/pierre-marie-gely.fr\/index.php\/wp-json\/wp\/v2\/pages\/3138"}],"collection":[{"href":"https:\/\/pierre-marie-gely.fr\/index.php\/wp-json\/wp\/v2\/pages"}],"about":[{"href":"https:\/\/pierre-marie-gely.fr\/index.php\/wp-json\/wp\/v2\/types\/page"}],"author":[{"embeddable":true,"href":"https:\/\/pierre-marie-gely.fr\/index.php\/wp-json\/wp\/v2\/users\/1"}],"replies":[{"embeddable":true,"href":"https:\/\/pierre-marie-gely.fr\/index.php\/wp-json\/wp\/v2\/comments?post=3138"}],"version-history":[{"count":16,"href":"https:\/\/pierre-marie-gely.fr\/index.php\/wp-json\/wp\/v2\/pages\/3138\/revisions"}],"predecessor-version":[{"id":3172,"href":"https:\/\/pierre-marie-gely.fr\/index.php\/wp-json\/wp\/v2\/pages\/3138\/revisions\/3172"}],"wp:attachment":[{"href":"https:\/\/pierre-marie-gely.fr\/index.php\/wp-json\/wp\/v2\/media?parent=3138"}],"curies":[{"name":"wp","href":"https:\/\/api.w.org\/{rel}","templated":true}]}}