{"id":983,"date":"2019-01-10T11:48:05","date_gmt":"2019-01-10T10:48:05","guid":{"rendered":"http:\/\/pierre-marie-gely.fr\/?page_id=983"},"modified":"2019-02-28T12:54:10","modified_gmt":"2019-02-28T11:54:10","slug":"35-ap-publi-crt-paca","status":"publish","type":"page","link":"https:\/\/pierre-marie-gely.fr\/index.php\/35-ap-publi-crt-paca\/","title":{"rendered":"35-AP Publi CRT PACA"},"content":{"rendered":"\t\t<div data-elementor-type=\"wp-post\" data-elementor-id=\"983\" class=\"elementor elementor-983 elementor-bc-flex-widget\" data-elementor-settings=\"[]\">\n\t\t\t\t\t\t<div class=\"elementor-inner\">\n\t\t\t\t\t\t\t<div class=\"elementor-section-wrap\">\n\t\t\t\t\t\t\t<section class=\"elementor-section elementor-top-section elementor-element elementor-element-5be5abf8 elementor-section-boxed elementor-section-height-default elementor-section-height-default\" data-id=\"5be5abf8\" data-element_type=\"section\" data-settings=\"{&quot;background_background&quot;:&quot;classic&quot;}\">\n\t\t\t\t\t\t<div class=\"elementor-container elementor-column-gap-default\">\n\t\t\t\t\t\t\t<div class=\"elementor-row\">\n\t\t\t\t\t<div class=\"elementor-column elementor-col-50 elementor-top-column elementor-element elementor-element-924248c\" data-id=\"924248c\" data-element_type=\"column\">\n\t\t\t<div class=\"elementor-column-wrap elementor-element-populated\">\n\t\t\t\t\t\t\t<div class=\"elementor-widget-wrap\">\n\t\t\t\t\t\t<div class=\"elementor-element elementor-element-4eae753 elementor-widget elementor-widget-heading\" data-id=\"4eae753\" data-element_type=\"widget\" data-widget_type=\"heading.default\">\n\t\t\t\t<div class=\"elementor-widget-container\">\n\t\t\t<h2 class=\"elementor-heading-title elementor-size-default\"><a href=\"http:\/\/pierre-marie-gely.fr\/\">Pierre-Marie G\u00c9LY<\/a><\/h2>\t\t<\/div>\n\t\t\t\t<\/div>\n\t\t\t\t\t\t<\/div>\n\t\t\t\t\t<\/div>\n\t\t<\/div>\n\t\t\t\t<div class=\"elementor-column elementor-col-50 elementor-top-column elementor-element elementor-element-5e160b4b\" data-id=\"5e160b4b\" data-element_type=\"column\">\n\t\t\t<div class=\"elementor-column-wrap elementor-element-populated\">\n\t\t\t\t\t\t\t<div class=\"elementor-widget-wrap\">\n\t\t\t\t\t\t<div class=\"elementor-element elementor-element-4d89067e elementor-align-right elementor-widget elementor-widget-default-navmenu\" data-id=\"4d89067e\" data-element_type=\"widget\" data-widget_type=\"default-navmenu.default\">\n\t\t\t\t<div class=\"elementor-widget-container\">\n\t\t\t<div id=\"elementor-header-primary\" class=\"elementor-header\">\t\t\t<button id=\"elementor-menu-toggle\" class=\"elementor-menu-toggle\"><i class=\"fa fa-navicon\"><\/i><\/button>\n\t\t\t<div id=\"elementor-menu\" class=\"elementor-menu\">\n\t\t\t\n\t\t\t\t<nav itemtype=\"http:\/\/schema.org\/SiteNavigationElement\" itemscope=\"itemscope\" id=\"elementor-navigation\" class=\"elementor-navigation\" role=\"navigation\" aria-label=\"Elementor Menu\">\t\t\t\t\n\t\t\t\t<ul id=\"elementor-navmenu\" class=\"elementor-nav-menu\"><li id=\"menu-item-50\" class=\"menu-item menu-item-type-post_type menu-item-object-page menu-item-home menu-item-50\"><a href=\"https:\/\/pierre-marie-gely.fr\/\">Accueil<\/a><\/li>\n<li id=\"menu-item-45\" class=\"menu-item menu-item-type-post_type menu-item-object-page menu-item-45\"><a href=\"https:\/\/pierre-marie-gely.fr\/index.php\/edition-2\/\">Edition<\/a><\/li>\n<li id=\"menu-item-48\" class=\"menu-item menu-item-type-post_type menu-item-object-page menu-item-48\"><a href=\"https:\/\/pierre-marie-gely.fr\/index.php\/presse\/\">Presse<\/a><\/li>\n<li id=\"menu-item-47\" class=\"menu-item menu-item-type-post_type menu-item-object-page menu-item-47\"><a href=\"https:\/\/pierre-marie-gely.fr\/index.php\/communication\/\">Communication<\/a><\/li>\n<li id=\"menu-item-46\" class=\"menu-item menu-item-type-post_type menu-item-object-page menu-item-46\"><a href=\"https:\/\/pierre-marie-gely.fr\/index.php\/a-propos\/\">R\u00e9f\u00e9rences<\/a><\/li>\n<li id=\"menu-item-49\" class=\"menu-item menu-item-type-post_type menu-item-object-page menu-item-49\"><a href=\"https:\/\/pierre-marie-gely.fr\/index.php\/edition\/\">Contact<\/a><\/li>\n<\/ul>\t\t\n\t\t\t\t\t\t\t\t<\/nav>\n\t\t\t<\/div>\n\t\t<\/div>\n\t\t\t\t<\/div>\n\t\t\t\t<\/div>\n\t\t\t\t\t\t<\/div>\n\t\t\t\t\t<\/div>\n\t\t<\/div>\n\t\t\t\t\t\t\t\t<\/div>\n\t\t\t\t\t<\/div>\n\t\t<\/section>\n\t\t\t\t<section class=\"elementor-section elementor-top-section elementor-element elementor-element-1bcf7347 elementor-section-boxed elementor-section-height-default elementor-section-height-default\" data-id=\"1bcf7347\" data-element_type=\"section\">\n\t\t\t\t\t\t<div class=\"elementor-container elementor-column-gap-default\">\n\t\t\t\t\t\t\t<div class=\"elementor-row\">\n\t\t\t\t\t<div class=\"elementor-column elementor-col-50 elementor-top-column elementor-element elementor-element-75845a3e\" data-id=\"75845a3e\" data-element_type=\"column\">\n\t\t\t<div class=\"elementor-column-wrap elementor-element-populated\">\n\t\t\t\t\t\t\t<div class=\"elementor-widget-wrap\">\n\t\t\t\t\t\t<div class=\"elementor-element elementor-element-950f9fd elementor-widget elementor-widget-text-editor\" data-id=\"950f9fd\" data-element_type=\"widget\" data-widget_type=\"text-editor.default\">\n\t\t\t\t<div class=\"elementor-widget-container\">\n\t\t\t\t\t\t\t\t<div class=\"elementor-text-editor elementor-clearfix\">\n\t\t\t\t<p>Annonces-presse, publi reportages<\/p>\t\t\t\t\t<\/div>\n\t\t\t\t\t\t<\/div>\n\t\t\t\t<\/div>\n\t\t\t\t<div class=\"elementor-element elementor-element-a09be1e elementor-widget elementor-widget-text-editor\" data-id=\"a09be1e\" data-element_type=\"widget\" data-widget_type=\"text-editor.default\">\n\t\t\t\t<div class=\"elementor-widget-container\">\n\t\t\t\t\t\t\t\t<div class=\"elementor-text-editor elementor-clearfix\">\n\t\t\t\t<p>Pour le CRT PACA<\/p>\t\t\t\t\t<\/div>\n\t\t\t\t\t\t<\/div>\n\t\t\t\t<\/div>\n\t\t\t\t\t\t<\/div>\n\t\t\t\t\t<\/div>\n\t\t<\/div>\n\t\t\t\t<div class=\"elementor-column elementor-col-50 elementor-top-column elementor-element elementor-element-bdb351a\" data-id=\"bdb351a\" data-element_type=\"column\">\n\t\t\t<div class=\"elementor-column-wrap\">\n\t\t\t\t\t\t\t<div class=\"elementor-widget-wrap\">\n\t\t\t\t\t\t\t\t<\/div>\n\t\t\t\t\t<\/div>\n\t\t<\/div>\n\t\t\t\t\t\t\t\t<\/div>\n\t\t\t\t\t<\/div>\n\t\t<\/section>\n\t\t\t\t<section class=\"elementor-section elementor-top-section elementor-element elementor-element-e2dfb0a elementor-section-content-middle elementor-section-boxed elementor-section-height-default elementor-section-height-default\" data-id=\"e2dfb0a\" data-element_type=\"section\" data-settings=\"{&quot;background_background&quot;:&quot;classic&quot;}\">\n\t\t\t\t\t\t<div class=\"elementor-container elementor-column-gap-wide\">\n\t\t\t\t\t\t\t<div class=\"elementor-row\">\n\t\t\t\t\t<div class=\"elementor-column elementor-col-25 elementor-top-column elementor-element elementor-element-07bbca7 animated-fast elementor-invisible\" data-id=\"07bbca7\" data-element_type=\"column\" data-settings=\"{&quot;background_background&quot;:&quot;classic&quot;,&quot;animation&quot;:&quot;fadeInLeft&quot;}\">\n\t\t\t<div class=\"elementor-column-wrap elementor-element-populated\">\n\t\t\t\t\t\t\t<div class=\"elementor-widget-wrap\">\n\t\t\t\t\t\t<div class=\"elementor-element elementor-element-4053f34 elementor-widget elementor-widget-image\" data-id=\"4053f34\" data-element_type=\"widget\" data-widget_type=\"image.default\">\n\t\t\t\t<div class=\"elementor-widget-container\">\n\t\t\t\t\t\t\t\t<div class=\"elementor-image\">\n\t\t\t\t\t\t\t\t\t\t\t\t\t<a href=\"http:\/\/pierre-marie-gely.fr\/wp-content\/uploads\/2019\/01\/AP-appli-154x216.jpg\" data-elementor-open-lightbox=\"yes\" data-elementor-lightbox-title=\"AP-appli-154x216\">\n\t\t\t\t\t\t\t<img width=\"425\" height=\"596\" src=\"https:\/\/pierre-marie-gely.fr\/wp-content\/uploads\/2019\/01\/AP-appli-154x216.jpg\" class=\"attachment-large size-large\" alt=\"\" loading=\"lazy\" srcset=\"https:\/\/pierre-marie-gely.fr\/wp-content\/uploads\/2019\/01\/AP-appli-154x216.jpg 425w, https:\/\/pierre-marie-gely.fr\/wp-content\/uploads\/2019\/01\/AP-appli-154x216-214x300.jpg 214w\" sizes=\"100vw\" \/>\t\t\t\t\t\t\t\t<\/a>\n\t\t\t\t\t\t\t\t\t\t\t\t\t\t<\/div>\n\t\t\t\t\t\t<\/div>\n\t\t\t\t<\/div>\n\t\t\t\t\t\t<\/div>\n\t\t\t\t\t<\/div>\n\t\t<\/div>\n\t\t\t\t<div class=\"elementor-column elementor-col-25 elementor-top-column elementor-element elementor-element-f5ac056 animated-fast elementor-invisible\" data-id=\"f5ac056\" data-element_type=\"column\" data-settings=\"{&quot;background_background&quot;:&quot;classic&quot;,&quot;animation&quot;:&quot;fadeInLeft&quot;}\">\n\t\t\t<div class=\"elementor-column-wrap elementor-element-populated\">\n\t\t\t\t\t\t\t<div class=\"elementor-widget-wrap\">\n\t\t\t\t\t\t<div class=\"elementor-element elementor-element-6fe17e1 elementor-widget elementor-widget-image\" data-id=\"6fe17e1\" data-element_type=\"widget\" data-widget_type=\"image.default\">\n\t\t\t\t<div class=\"elementor-widget-container\">\n\t\t\t\t\t\t\t\t<div class=\"elementor-image\">\n\t\t\t\t\t\t\t\t\t\t\t\t\t<a href=\"http:\/\/pierre-marie-gely.fr\/wp-content\/uploads\/2019\/01\/AP-e\u0301cotourisme-140x75mm.jpg\" data-elementor-open-lightbox=\"yes\" data-elementor-lightbox-title=\"AP-e\u0301cotourisme-140x75mm\">\n\t\t\t\t\t\t\t<img width=\"397\" height=\"264\" src=\"https:\/\/pierre-marie-gely.fr\/wp-content\/uploads\/2019\/01\/AP-e\u0301cotourisme-140x75mm.jpg\" class=\"attachment-large size-large\" alt=\"\" loading=\"lazy\" srcset=\"https:\/\/pierre-marie-gely.fr\/wp-content\/uploads\/2019\/01\/AP-e\u0301cotourisme-140x75mm.jpg 397w, https:\/\/pierre-marie-gely.fr\/wp-content\/uploads\/2019\/01\/AP-e\u0301cotourisme-140x75mm-300x199.jpg 300w\" sizes=\"100vw\" \/>\t\t\t\t\t\t\t\t<\/a>\n\t\t\t\t\t\t\t\t\t\t\t\t\t\t<\/div>\n\t\t\t\t\t\t<\/div>\n\t\t\t\t<\/div>\n\t\t\t\t<div class=\"elementor-element elementor-element-f301114 elementor-widget elementor-widget-image\" data-id=\"f301114\" data-element_type=\"widget\" data-widget_type=\"image.default\">\n\t\t\t\t<div class=\"elementor-widget-container\">\n\t\t\t\t\t\t\t\t<div class=\"elementor-image\">\n\t\t\t\t\t\t\t\t\t\t\t\t\t<a href=\"http:\/\/pierre-marie-gely.fr\/wp-content\/uploads\/2019\/01\/Invit-Num-Amsterdam.jpg\" data-elementor-open-lightbox=\"yes\" data-elementor-lightbox-title=\"Invit-Num-Amsterdam\">\n\t\t\t\t\t\t\t<img width=\"525\" height=\"525\" src=\"https:\/\/pierre-marie-gely.fr\/wp-content\/uploads\/2019\/01\/Invit-Num-Amsterdam.jpg\" class=\"attachment-large size-large\" alt=\"\" loading=\"lazy\" srcset=\"https:\/\/pierre-marie-gely.fr\/wp-content\/uploads\/2019\/01\/Invit-Num-Amsterdam.jpg 737w, https:\/\/pierre-marie-gely.fr\/wp-content\/uploads\/2019\/01\/Invit-Num-Amsterdam-150x150.jpg 150w, https:\/\/pierre-marie-gely.fr\/wp-content\/uploads\/2019\/01\/Invit-Num-Amsterdam-300x300.jpg 300w, https:\/\/pierre-marie-gely.fr\/wp-content\/uploads\/2019\/01\/Invit-Num-Amsterdam-100x100.jpg 100w\" sizes=\"100vw\" \/>\t\t\t\t\t\t\t\t<\/a>\n\t\t\t\t\t\t\t\t\t\t\t\t\t\t<\/div>\n\t\t\t\t\t\t<\/div>\n\t\t\t\t<\/div>\n\t\t\t\t\t\t<\/div>\n\t\t\t\t\t<\/div>\n\t\t<\/div>\n\t\t\t\t<div class=\"elementor-column elementor-col-25 elementor-top-column elementor-element elementor-element-aee8dc1 animated-fast elementor-invisible\" data-id=\"aee8dc1\" data-element_type=\"column\" data-settings=\"{&quot;background_background&quot;:&quot;classic&quot;,&quot;animation&quot;:&quot;fadeInLeft&quot;}\">\n\t\t\t<div class=\"elementor-column-wrap elementor-element-populated\">\n\t\t\t\t\t\t\t<div class=\"elementor-widget-wrap\">\n\t\t\t\t\t\t<div class=\"elementor-element elementor-element-485c396 elementor-widget elementor-widget-image\" data-id=\"485c396\" data-element_type=\"widget\" data-widget_type=\"image.default\">\n\t\t\t\t<div class=\"elementor-widget-container\">\n\t\t\t\t\t\t\t\t<div class=\"elementor-image\">\n\t\t\t\t\t\t\t\t\t\t\t\t\t<a href=\"http:\/\/pierre-marie-gely.fr\/wp-content\/uploads\/2019\/01\/AP-VDLA-310x23.jpg\" data-elementor-open-lightbox=\"yes\" data-elementor-lightbox-title=\"AP-VDLA-310x23\">\n\t\t\t\t\t\t\t<img width=\"525\" height=\"739\" src=\"https:\/\/pierre-marie-gely.fr\/wp-content\/uploads\/2019\/01\/AP-VDLA-310x23.jpg\" class=\"attachment-large size-large\" alt=\"\" loading=\"lazy\" srcset=\"https:\/\/pierre-marie-gely.fr\/wp-content\/uploads\/2019\/01\/AP-VDLA-310x23.jpg 655w, https:\/\/pierre-marie-gely.fr\/wp-content\/uploads\/2019\/01\/AP-VDLA-310x23-213x300.jpg 213w\" sizes=\"100vw\" \/>\t\t\t\t\t\t\t\t<\/a>\n\t\t\t\t\t\t\t\t\t\t\t\t\t\t<\/div>\n\t\t\t\t\t\t<\/div>\n\t\t\t\t<\/div>\n\t\t\t\t\t\t<\/div>\n\t\t\t\t\t<\/div>\n\t\t<\/div>\n\t\t\t\t<div class=\"elementor-column elementor-col-25 elementor-top-column elementor-element elementor-element-d1868c6 animated-fast elementor-invisible\" data-id=\"d1868c6\" data-element_type=\"column\" data-settings=\"{&quot;background_background&quot;:&quot;classic&quot;,&quot;animation&quot;:&quot;fadeInLeft&quot;}\">\n\t\t\t<div class=\"elementor-column-wrap elementor-element-populated\">\n\t\t\t\t\t\t\t<div class=\"elementor-widget-wrap\">\n\t\t\t\t\t\t<div class=\"elementor-element elementor-element-292bad6 elementor-widget elementor-widget-image\" data-id=\"292bad6\" data-element_type=\"widget\" data-widget_type=\"image.default\">\n\t\t\t\t<div class=\"elementor-widget-container\">\n\t\t\t\t\t\t\t\t<div class=\"elementor-image\">\n\t\t\t\t\t\t\t\t\t\t\t\t\t<a href=\"http:\/\/pierre-marie-gely.fr\/wp-content\/uploads\/2019\/01\/AP-Garduian-L286xH440.jpg\" data-elementor-open-lightbox=\"yes\" data-elementor-lightbox-title=\"AP-Garduian-L286xH440\">\n\t\t\t\t\t\t\t<img width=\"525\" height=\"808\" src=\"https:\/\/pierre-marie-gely.fr\/wp-content\/uploads\/2019\/01\/AP-Garduian-L286xH440.jpg\" class=\"attachment-large size-large\" alt=\"\" loading=\"lazy\" srcset=\"https:\/\/pierre-marie-gely.fr\/wp-content\/uploads\/2019\/01\/AP-Garduian-L286xH440.jpg 600w, https:\/\/pierre-marie-gely.fr\/wp-content\/uploads\/2019\/01\/AP-Garduian-L286xH440-195x300.jpg 195w\" sizes=\"100vw\" \/>\t\t\t\t\t\t\t\t<\/a>\n\t\t\t\t\t\t\t\t\t\t\t\t\t\t<\/div>\n\t\t\t\t\t\t<\/div>\n\t\t\t\t<\/div>\n\t\t\t\t\t\t<\/div>\n\t\t\t\t\t<\/div>\n\t\t<\/div>\n\t\t\t\t\t\t\t\t<\/div>\n\t\t\t\t\t<\/div>\n\t\t<\/section>\n\t\t\t\t<section class=\"elementor-section elementor-top-section elementor-element elementor-element-75f59db elementor-section-boxed elementor-section-height-default elementor-section-height-default\" data-id=\"75f59db\" data-element_type=\"section\" data-settings=\"{&quot;background_background&quot;:&quot;classic&quot;}\">\n\t\t\t\t\t\t<div class=\"elementor-container elementor-column-gap-wide\">\n\t\t\t\t\t\t\t<div class=\"elementor-row\">\n\t\t\t\t\t<div class=\"elementor-column elementor-col-33 elementor-top-column elementor-element elementor-element-9a0aec6 animated-fast elementor-invisible\" data-id=\"9a0aec6\" data-element_type=\"column\" data-settings=\"{&quot;background_background&quot;:&quot;classic&quot;,&quot;animation&quot;:&quot;fadeInLeft&quot;}\">\n\t\t\t<div class=\"elementor-column-wrap elementor-element-populated\">\n\t\t\t\t\t\t\t<div class=\"elementor-widget-wrap\">\n\t\t\t\t\t\t<div class=\"elementor-element elementor-element-9ed22ce elementor-widget elementor-widget-image\" data-id=\"9ed22ce\" data-element_type=\"widget\" data-widget_type=\"image.default\">\n\t\t\t\t<div class=\"elementor-widget-container\">\n\t\t\t\t\t\t\t\t<div class=\"elementor-image\">\n\t\t\t\t\t\t\t\t\t\t\t\t\t<a href=\"http:\/\/pierre-marie-gely.fr\/wp-content\/uploads\/2019\/01\/AP-neige-285x438.jpg\" data-elementor-open-lightbox=\"yes\" data-elementor-lightbox-title=\"AP-neige-285x438\">\n\t\t\t\t\t\t\t<img width=\"525\" height=\"807\" src=\"https:\/\/pierre-marie-gely.fr\/wp-content\/uploads\/2019\/01\/AP-neige-285x438.jpg\" class=\"attachment-large size-large\" alt=\"\" loading=\"lazy\" srcset=\"https:\/\/pierre-marie-gely.fr\/wp-content\/uploads\/2019\/01\/AP-neige-285x438.jpg 600w, https:\/\/pierre-marie-gely.fr\/wp-content\/uploads\/2019\/01\/AP-neige-285x438-195x300.jpg 195w\" sizes=\"100vw\" \/>\t\t\t\t\t\t\t\t<\/a>\n\t\t\t\t\t\t\t\t\t\t\t\t\t\t<\/div>\n\t\t\t\t\t\t<\/div>\n\t\t\t\t<\/div>\n\t\t\t\t\t\t<\/div>\n\t\t\t\t\t<\/div>\n\t\t<\/div>\n\t\t\t\t<div class=\"elementor-column elementor-col-33 elementor-top-column elementor-element elementor-element-6eb406d animated-fast elementor-invisible\" data-id=\"6eb406d\" data-element_type=\"column\" data-settings=\"{&quot;background_background&quot;:&quot;classic&quot;,&quot;animation&quot;:&quot;fadeInLeft&quot;}\">\n\t\t\t<div class=\"elementor-column-wrap elementor-element-populated\">\n\t\t\t\t\t\t\t<div class=\"elementor-widget-wrap\">\n\t\t\t\t\t\t<div class=\"elementor-element elementor-element-2babbbb elementor-widget elementor-widget-image\" data-id=\"2babbbb\" data-element_type=\"widget\" data-widget_type=\"image.default\">\n\t\t\t\t<div class=\"elementor-widget-container\">\n\t\t\t\t\t\t\t\t<div class=\"elementor-image\">\n\t\t\t\t\t\t\t\t\t\t\t\t\t<a href=\"http:\/\/pierre-marie-gely.fr\/wp-content\/uploads\/2019\/01\/Encart-88x192-Guide-routard.jpg\" data-elementor-open-lightbox=\"yes\" data-elementor-lightbox-title=\"Encart-88x192-Guide-routard\">\n\t\t\t\t\t\t\t<img width=\"283\" height=\"618\" src=\"https:\/\/pierre-marie-gely.fr\/wp-content\/uploads\/2019\/01\/Encart-88x192-Guide-routard.jpg\" class=\"attachment-large size-large\" alt=\"\" loading=\"lazy\" srcset=\"https:\/\/pierre-marie-gely.fr\/wp-content\/uploads\/2019\/01\/Encart-88x192-Guide-routard.jpg 283w, https:\/\/pierre-marie-gely.fr\/wp-content\/uploads\/2019\/01\/Encart-88x192-Guide-routard-137x300.jpg 137w\" sizes=\"100vw\" \/>\t\t\t\t\t\t\t\t<\/a>\n\t\t\t\t\t\t\t\t\t\t\t\t\t\t<\/div>\n\t\t\t\t\t\t<\/div>\n\t\t\t\t<\/div>\n\t\t\t\t\t\t<\/div>\n\t\t\t\t\t<\/div>\n\t\t<\/div>\n\t\t\t\t<div class=\"elementor-column elementor-col-33 elementor-top-column elementor-element elementor-element-1b6f7cb animated-fast elementor-invisible\" data-id=\"1b6f7cb\" data-element_type=\"column\" data-settings=\"{&quot;background_background&quot;:&quot;classic&quot;,&quot;animation&quot;:&quot;fadeInLeft&quot;}\">\n\t\t\t<div class=\"elementor-column-wrap elementor-element-populated\">\n\t\t\t\t\t\t\t<div class=\"elementor-widget-wrap\">\n\t\t\t\t\t\t<div class=\"elementor-element elementor-element-ccaf21f elementor-widget elementor-widget-image\" data-id=\"ccaf21f\" data-element_type=\"widget\" data-widget_type=\"image.default\">\n\t\t\t\t<div class=\"elementor-widget-container\">\n\t\t\t\t\t\t\t\t<div class=\"elementor-image\">\n\t\t\t\t\t\t\t\t\t\t\t\t\t<a href=\"http:\/\/pierre-marie-gely.fr\/wp-content\/uploads\/2019\/01\/Publi-R-voyage-Alpes-210x275.jpg\" data-elementor-open-lightbox=\"yes\" data-elementor-lightbox-title=\"Publi-R-voyage-Alpes-210x275\">\n\t\t\t\t\t\t\t<img width=\"525\" height=\"344\" src=\"https:\/\/pierre-marie-gely.fr\/wp-content\/uploads\/2019\/01\/Publi-R-voyage-Alpes-210x275.jpg\" class=\"attachment-large size-large\" alt=\"\" loading=\"lazy\" srcset=\"https:\/\/pierre-marie-gely.fr\/wp-content\/uploads\/2019\/01\/Publi-R-voyage-Alpes-210x275.jpg 850w, https:\/\/pierre-marie-gely.fr\/wp-content\/uploads\/2019\/01\/Publi-R-voyage-Alpes-210x275-300x197.jpg 300w, https:\/\/pierre-marie-gely.fr\/wp-content\/uploads\/2019\/01\/Publi-R-voyage-Alpes-210x275-768x503.jpg 768w\" sizes=\"100vw\" \/>\t\t\t\t\t\t\t\t<\/a>\n\t\t\t\t\t\t\t\t\t\t\t\t\t\t<\/div>\n\t\t\t\t\t\t<\/div>\n\t\t\t\t<\/div>\n\t\t\t\t\t\t<\/div>\n\t\t\t\t\t<\/div>\n\t\t<\/div>\n\t\t\t\t\t\t\t\t<\/div>\n\t\t\t\t\t<\/div>\n\t\t<\/section>\n\t\t\t\t<section class=\"elementor-section elementor-top-section elementor-element elementor-element-6d416a0 elementor-section-content-middle elementor-section-boxed elementor-section-height-default elementor-section-height-default\" data-id=\"6d416a0\" data-element_type=\"section\" data-settings=\"{&quot;background_background&quot;:&quot;classic&quot;}\">\n\t\t\t\t\t\t<div class=\"elementor-container elementor-column-gap-default\">\n\t\t\t\t\t\t\t<div class=\"elementor-row\">\n\t\t\t\t\t<div class=\"elementor-column elementor-col-33 elementor-top-column elementor-element elementor-element-737881b\" data-id=\"737881b\" data-element_type=\"column\">\n\t\t\t<div class=\"elementor-column-wrap elementor-element-populated\">\n\t\t\t\t\t\t\t<div class=\"elementor-widget-wrap\">\n\t\t\t\t\t\t<div class=\"elementor-element elementor-element-b14b035 elementor-widget elementor-widget-text-editor\" data-id=\"b14b035\" data-element_type=\"widget\" data-widget_type=\"text-editor.default\">\n\t\t\t\t<div class=\"elementor-widget-container\">\n\t\t\t\t\t\t\t\t<div class=\"elementor-text-editor elementor-clearfix\">\n\t\t\t\t<p>Diverses annonces-presse pour la promotion d&rsquo;activit\u00e9s\u00a0li\u00e9es au tourisme, ou d&rsquo;\u00e9v\u00e9nements en r\u00e9gion Provence-Alpes-C\u00f4te d&rsquo;Azur<\/p>\t\t\t\t\t<\/div>\n\t\t\t\t\t\t<\/div>\n\t\t\t\t<\/div>\n\t\t\t\t<div class=\"elementor-element elementor-element-9dca10b elementor-widget elementor-widget-text-editor\" data-id=\"9dca10b\" data-element_type=\"widget\" data-widget_type=\"text-editor.default\">\n\t\t\t\t<div class=\"elementor-widget-container\">\n\t\t\t\t\t\t\t\t<div class=\"elementor-text-editor elementor-clearfix\">\n\t\t\t\t<p>Cr\u00e9ations maquettes\u00a0<br \/>Cliquez sur les visuels pour zoomer\u2026<\/p>\t\t\t\t\t<\/div>\n\t\t\t\t\t\t<\/div>\n\t\t\t\t<\/div>\n\t\t\t\t\t\t<\/div>\n\t\t\t\t\t<\/div>\n\t\t<\/div>\n\t\t\t\t<div class=\"elementor-column elementor-col-33 elementor-top-column elementor-element elementor-element-7b11f2a\" data-id=\"7b11f2a\" data-element_type=\"column\">\n\t\t\t<div class=\"elementor-column-wrap elementor-element-populated\">\n\t\t\t\t\t\t\t<div class=\"elementor-widget-wrap\">\n\t\t\t\t\t\t<div class=\"elementor-element elementor-element-2214b38 elementor-align-right elementor-widget elementor-widget-button\" data-id=\"2214b38\" data-element_type=\"widget\" data-widget_type=\"button.default\">\n\t\t\t\t<div class=\"elementor-widget-container\">\n\t\t\t\t\t<div class=\"elementor-button-wrapper\">\n\t\t\t<a href=\"http:\/\/pierre-marie-gely.fr\/index.php\/36-flyers-divers\/\" class=\"elementor-button-link elementor-button elementor-size-sm\" role=\"button\">\n\t\t\t\t\t\t<span class=\"elementor-button-content-wrapper\">\n\t\t\t\t\t\t<span class=\"elementor-button-icon elementor-align-icon-left\">\n\t\t\t\t\t\t\t\t\t<i class=\"fa fa-arrow-circle-right\" aria-hidden=\"true\"><\/i>\n\t\t\t\t\t\t\t<\/span>\n\t\t\t\t\t\t<span class=\"elementor-button-text\">Article suivant<\/span>\n\t\t<\/span>\n\t\t\t\t\t<\/a>\n\t\t<\/div>\n\t\t\t\t<\/div>\n\t\t\t\t<\/div>\n\t\t\t\t\t\t<\/div>\n\t\t\t\t\t<\/div>\n\t\t<\/div>\n\t\t\t\t<div class=\"elementor-column elementor-col-33 elementor-top-column elementor-element elementor-element-c793053\" data-id=\"c793053\" data-element_type=\"column\">\n\t\t\t<div class=\"elementor-column-wrap elementor-element-populated\">\n\t\t\t\t\t\t\t<div class=\"elementor-widget-wrap\">\n\t\t\t\t\t\t<div class=\"elementor-element elementor-element-7e71ff3 elementor-align-right elementor-widget elementor-widget-button\" data-id=\"7e71ff3\" data-element_type=\"widget\" data-widget_type=\"button.default\">\n\t\t\t\t<div class=\"elementor-widget-container\">\n\t\t\t\t\t<div class=\"elementor-button-wrapper\">\n\t\t\t<a href=\"http:\/\/pierre-marie-gely.fr\/index.php\/communication\" class=\"elementor-button-link elementor-button elementor-size-sm\" role=\"button\">\n\t\t\t\t\t\t<span class=\"elementor-button-content-wrapper\">\n\t\t\t\t\t\t<span class=\"elementor-button-icon elementor-align-icon-left\">\n\t\t\t\t\t\t\t\t\t<i class=\"fa fa-arrow-circle-right\" aria-hidden=\"true\"><\/i>\n\t\t\t\t\t\t\t<\/span>\n\t\t\t\t\t\t<span class=\"elementor-button-text\">communication<\/span>\n\t\t<\/span>\n\t\t\t\t\t<\/a>\n\t\t<\/div>\n\t\t\t\t<\/div>\n\t\t\t\t<\/div>\n\t\t\t\t\t\t<\/div>\n\t\t\t\t\t<\/div>\n\t\t<\/div>\n\t\t\t\t\t\t\t\t<\/div>\n\t\t\t\t\t<\/div>\n\t\t<\/section>\n\t\t\t\t<section class=\"elementor-section elementor-top-section elementor-element elementor-element-cd0f206 elementor-section-boxed elementor-section-height-default elementor-section-height-default\" data-id=\"cd0f206\" data-element_type=\"section\">\n\t\t\t\t\t\t<div class=\"elementor-container elementor-column-gap-default\">\n\t\t\t\t\t\t\t<div class=\"elementor-row\">\n\t\t\t\t\t<div class=\"elementor-column elementor-col-100 elementor-top-column elementor-element elementor-element-048f487\" data-id=\"048f487\" data-element_type=\"column\">\n\t\t\t<div class=\"elementor-column-wrap elementor-element-populated\">\n\t\t\t\t\t\t\t<div class=\"elementor-widget-wrap\">\n\t\t\t\t\t\t<div class=\"elementor-element elementor-element-f7030a7 elementor-widget elementor-widget-spacer\" data-id=\"f7030a7\" data-element_type=\"widget\" data-widget_type=\"spacer.default\">\n\t\t\t\t<div class=\"elementor-widget-container\">\n\t\t\t\t\t<div class=\"elementor-spacer\">\n\t\t\t<div class=\"elementor-spacer-inner\"><\/div>\n\t\t<\/div>\n\t\t\t\t<\/div>\n\t\t\t\t<\/div>\n\t\t\t\t\t\t<\/div>\n\t\t\t\t\t<\/div>\n\t\t<\/div>\n\t\t\t\t\t\t\t\t<\/div>\n\t\t\t\t\t<\/div>\n\t\t<\/section>\n\t\t\t\t\t\t<\/div>\n\t\t\t\t\t\t<\/div>\n\t\t\t\t\t<\/div>\n\t\t","protected":false},"excerpt":{"rendered":"<p>Pierre-Marie G\u00c9LY Accueil Edition Presse Communication R\u00e9f\u00e9rences Contact Annonces-presse, publi reportages Pour le CRT PACA Diverses annonces-presse pour la promotion d&rsquo;activit\u00e9s\u00a0li\u00e9es au tourisme, ou d&rsquo;\u00e9v\u00e9nements en r\u00e9gion Provence-Alpes-C\u00f4te d&rsquo;Azur Cr\u00e9ations maquettes\u00a0Cliquez sur les visuels pour zoomer\u2026 Article suivant communication<\/p>\n","protected":false},"author":1,"featured_media":0,"parent":0,"menu_order":0,"comment_status":"closed","ping_status":"closed","template":"elementor_canvas","meta":[],"_links":{"self":[{"href":"https:\/\/pierre-marie-gely.fr\/index.php\/wp-json\/wp\/v2\/pages\/983"}],"collection":[{"href":"https:\/\/pierre-marie-gely.fr\/index.php\/wp-json\/wp\/v2\/pages"}],"about":[{"href":"https:\/\/pierre-marie-gely.fr\/index.php\/wp-json\/wp\/v2\/types\/page"}],"author":[{"embeddable":true,"href":"https:\/\/pierre-marie-gely.fr\/index.php\/wp-json\/wp\/v2\/users\/1"}],"replies":[{"embeddable":true,"href":"https:\/\/pierre-marie-gely.fr\/index.php\/wp-json\/wp\/v2\/comments?post=983"}],"version-history":[{"count":25,"href":"https:\/\/pierre-marie-gely.fr\/index.php\/wp-json\/wp\/v2\/pages\/983\/revisions"}],"predecessor-version":[{"id":2126,"href":"https:\/\/pierre-marie-gely.fr\/index.php\/wp-json\/wp\/v2\/pages\/983\/revisions\/2126"}],"wp:attachment":[{"href":"https:\/\/pierre-marie-gely.fr\/index.php\/wp-json\/wp\/v2\/media?parent=983"}],"curies":[{"name":"wp","href":"https:\/\/api.w.org\/{rel}","templated":true}]}}